{"id":69,"date":"2014-12-26T11:29:30","date_gmt":"2014-12-26T11:29:30","guid":{"rendered":"http:\/\/ctnpericial.es\/?page_id=69"},"modified":"2016-12-15T20:13:10","modified_gmt":"2016-12-15T20:13:10","slug":"automoviles","status":"publish","type":"page","link":"https:\/\/ctnpericial.es\/?page_id=69","title":{"rendered":"Autom\u00f3viles"},"content":{"rendered":"\n\t\t<style type=\"text\/css\">\n\t\t\t#gallery-1 {\n\t\t\t\tmargin: auto;\n\t\t\t}\n\t\t\t#gallery-1 .gallery-item {\n\t\t\t\tfloat: left;\n\t\t\t\tmargin-top: 10px;\n\t\t\t\ttext-align: center;\n\t\t\t\twidth: 100%;\n\t\t\t}\n\t\t\t#gallery-1 img {\n\t\t\t\tborder: 2px solid #cfcfcf;\n\t\t\t}\n\t\t\t#gallery-1 .gallery-caption {\n\t\t\t\tmargin-left: 0;\n\t\t\t}\n\t\t\t\/* see gallery_shortcode() in wp-includes\/media.php *\/\n\t\t<\/style>\n\t\t<div id='gallery-1' class='gallery galleryid-69 gallery-columns-1 gallery-size-large'><dl class='gallery-item'>\n\t\t\t<dt class='gallery-icon landscape'>\n\t\t\t\t<img loading=\"lazy\" decoding=\"async\" width=\"630\" height=\"175\" src=\"https:\/\/ctnpericial.es\/wp-content\/uploads\/2014\/12\/PT1.bmp\" class=\"attachment-large size-large\" alt=\"\" aria-describedby=\"gallery-1-234\" \/>\n\t\t\t<\/dt>\n\t\t\t\t<dd class='wp-caption-text gallery-caption' id='gallery-1-234'>\n\t\t\t\tAn\u00e1lisis de incendios; Valoraci\u00f3n de da\u00f1os; Dict\u00e1menes periciales de valor venal o mercado.\n\t\t\t\t<\/dd><\/dl><br style=\"clear: both\" \/>\n\t\t<\/div>\n\n<h6 style=\"text-align: center;\"><a href=\"https:\/\/ctnpericial.es\/casos-de-exito\/\">Casos reales estudiados en nuestro gabinete.\u00a0Haga clic aqu\u00ed para consultar nuestros casos de \u00e9xito&#8230;<\/a><\/h6>\n<h4>En CTN realizamos informe periciales de valoraci\u00f3n de da\u00f1os de todo tipo de veh\u00edculos: autom\u00f3viles y motocicletas, veh\u00edculos comerciales e industriales.<\/h4>\n<blockquote>\n<h3 style=\"text-align: center;\"><strong> Para ello contamos con los programas de valoraci\u00f3n de da\u00f1os m\u00e1s avanzados del mercado y verdaderos especialistas en automoci\u00f3n. <\/strong><\/h3>\n<\/blockquote>\n\n\t\t<style type=\"text\/css\">\n\t\t\t#gallery-2 {\n\t\t\t\tmargin: auto;\n\t\t\t}\n\t\t\t#gallery-2 .gallery-item {\n\t\t\t\tfloat: left;\n\t\t\t\tmargin-top: 10px;\n\t\t\t\ttext-align: center;\n\t\t\t\twidth: 33%;\n\t\t\t}\n\t\t\t#gallery-2 img {\n\t\t\t\tborder: 2px solid #cfcfcf;\n\t\t\t}\n\t\t\t#gallery-2 .gallery-caption {\n\t\t\t\tmargin-left: 0;\n\t\t\t}\n\t\t\t\/* see gallery_shortcode() in wp-includes\/media.php *\/\n\t\t<\/style>\n\t\t<div id='gallery-2' class='gallery galleryid-69 gallery-columns-3 gallery-size-thumbnail'><dl class='gallery-item'>\n\t\t\t<dt class='gallery-icon landscape'>\n\t\t\t\t<img loading=\"lazy\" decoding=\"async\" width=\"150\" height=\"150\" src=\"https:\/\/ctnpericial.es\/wp-content\/uploads\/2015\/12\/analisis_rotura-150x150.jpg\" class=\"attachment-thumbnail size-thumbnail\" alt=\"\" aria-describedby=\"gallery-2-201\" \/>\n\t\t\t<\/dt>\n\t\t\t\t<dd class='wp-caption-text gallery-caption' id='gallery-2-201'>\n\t\t\t\tAver\u00eda rotura cig\u00fce\u00f1al\n\t\t\t\t<\/dd><\/dl><dl class='gallery-item'>\n\t\t\t<dt class='gallery-icon landscape'>\n\t\t\t\t<img loading=\"lazy\" decoding=\"async\" width=\"150\" height=\"150\" src=\"https:\/\/ctnpericial.es\/wp-content\/uploads\/2015\/12\/rotura_transmision-150x150.jpg\" class=\"attachment-thumbnail size-thumbnail\" alt=\"\" aria-describedby=\"gallery-2-210\" \/>\n\t\t\t<\/dt>\n\t\t\t\t<dd class='wp-caption-text gallery-caption' id='gallery-2-210'>\n\t\t\t\tDetalle rotura cig\u00fce\u00f1al\n\t\t\t\t<\/dd><\/dl><dl class='gallery-item'>\n\t\t\t<dt class='gallery-icon landscape'>\n\t\t\t\t<img loading=\"lazy\" decoding=\"async\" width=\"150\" height=\"150\" src=\"https:\/\/ctnpericial.es\/wp-content\/uploads\/2015\/12\/inspeccion_microscopica-150x150.jpg\" class=\"attachment-thumbnail size-thumbnail\" alt=\"\" aria-describedby=\"gallery-2-212\" \/>\n\t\t\t<\/dt>\n\t\t\t\t<dd class='wp-caption-text gallery-caption' id='gallery-2-212'>\n\t\t\t\tAn\u00e1lisis por microscop\u00eda electr\u00f3nica de barrido de rotura de cig\u00fce\u00f1al. \n\t\t\t\t<\/dd><\/dl><br style=\"clear: both\" \/>\n\t\t<\/div>\n\n<h6 style=\"text-align: center;\"><a href=\"https:\/\/ctnpericial.es\/casos-de-exito\/\">Casos reales estudiados en nuestro gabinete.\u00a0Haga clic aqu\u00ed para consultar nuestros casos de \u00e9xito&#8230;<\/a><\/h6>\n<h4>Nuestros informes de aver\u00edas o fallos mec\u00e1nicos est\u00e1n siempre exhaustivamente documentados, contando con prestigiosos laboratorios de investigaci\u00f3n y an\u00e1lisis, para realizar , por ejemplo, un an\u00e1lisis por microscop\u00eda electr\u00f3nica de barrido.<\/h4>\n<blockquote>\n<h2 style=\"text-align: center;\"><strong>Informes de Valor Venal, Valor de Mercado, Aver\u00edas, etc., correctamente documentados, para una indemnizaci\u00f3n <span style=\"color: #0000ff;\">JUSTA<\/span>. <\/strong><\/h2>\n<\/blockquote>\n<h4>Cada caso se estudia de forma personalizada, mediante informes previos de coste reducido para determinar su\u00a0viabilidad.<\/h4>\n<p>&nbsp;<\/p>\n","protected":false},"excerpt":{"rendered":"<p>Casos reales estudiados en nuestro gabinete.\u00a0Haga clic aqu\u00ed para consultar nuestros casos de \u00e9xito&#8230; En CTN realizamos informe periciales de valoraci\u00f3n de da\u00f1os de todo tipo de veh\u00edculos: autom\u00f3viles y motocicletas, veh\u00edculos comerciales e industriales. Para ello contamos con los programas de valoraci\u00f3n de da\u00f1os m\u00e1s avanzados del mercado y verdaderos especialistas en automoci\u00f3n. Casos [&hellip;]<\/p>\n","protected":false},"author":2,"featured_media":0,"parent":0,"menu_order":0,"comment_status":"closed","ping_status":"open","template":"page-full_width.php","meta":{"_monsterinsights_skip_tracking":false,"_monsterinsights_sitenote_active":false,"_monsterinsights_sitenote_note":"","_monsterinsights_sitenote_category":0,"footnotes":""},"class_list":["post-69","page","type-page","status-publish","hentry"],"_links":{"self":[{"href":"https:\/\/ctnpericial.es\/index.php?rest_route=\/wp\/v2\/pages\/69","targetHints":{"allow":["GET"]}}],"collection":[{"href":"https:\/\/ctnpericial.es\/index.php?rest_route=\/wp\/v2\/pages"}],"about":[{"href":"https:\/\/ctnpericial.es\/index.php?rest_route=\/wp\/v2\/types\/page"}],"author":[{"embeddable":true,"href":"https:\/\/ctnpericial.es\/index.php?rest_route=\/wp\/v2\/users\/2"}],"replies":[{"embeddable":true,"href":"https:\/\/ctnpericial.es\/index.php?rest_route=%2Fwp%2Fv2%2Fcomments&post=69"}],"version-history":[{"count":31,"href":"https:\/\/ctnpericial.es\/index.php?rest_route=\/wp\/v2\/pages\/69\/revisions"}],"predecessor-version":[{"id":241,"href":"https:\/\/ctnpericial.es\/index.php?rest_route=\/wp\/v2\/pages\/69\/revisions\/241"}],"wp:attachment":[{"href":"https:\/\/ctnpericial.es\/index.php?rest_route=%2Fwp%2Fv2%2Fmedia&parent=69"}],"curies":[{"name":"wp","href":"https:\/\/api.w.org\/{rel}","templated":true}]}}