{"id":30,"date":"2014-11-25T16:36:41","date_gmt":"2014-11-25T16:36:41","guid":{"rendered":"http:\/\/ctnpericial.es\/?page_id=30"},"modified":"2016-12-15T20:13:10","modified_gmt":"2016-12-15T20:13:10","slug":"servicios","status":"publish","type":"page","link":"https:\/\/ctnpericial.es\/?page_id=30","title":{"rendered":"Como trabajamos"},"content":{"rendered":"<p><a href=\"https:\/\/ctnpericial.es\/casos-de-exito\/\"><img loading=\"lazy\" decoding=\"async\" class=\"alignnone wp-image-155 size-full\" src=\"https:\/\/ctnpericial.es\/wp-content\/uploads\/2014\/11\/oficina_1.jpg\" alt=\"\" width=\"1024\" height=\"443\" srcset=\"https:\/\/ctnpericial.es\/wp-content\/uploads\/2014\/11\/oficina_1.jpg 1024w, https:\/\/ctnpericial.es\/wp-content\/uploads\/2014\/11\/oficina_1-300x130.jpg 300w, https:\/\/ctnpericial.es\/wp-content\/uploads\/2014\/11\/oficina_1-768x332.jpg 768w\" sizes=\"auto, (max-width: 1024px) 100vw, 1024px\" \/><\/a><\/p>\n<div class=\"csRow\">\n<div class=\"csColumnGap\" style=\"margin: 0px; padding: 0px; float: left; width: 1.56%;\"><img decoding=\"async\" style=\"border: none;\" src=\"https:\/\/ctnpericial.es\/wp-content\/plugins\/advanced-wp-columns\/assets\/js\/plugins\/views\/img\/1x1-pixel.png\" alt=\"\" \/><\/div>\n<div class=\"csColumn\" style=\"margin: 0px; padding: 0px; float: left; width: 47.7%;\" data-csstartpoint=\"15\" data-csendpoint=\"472.5\" data-cswidth=\"47.7%\" data-csid=\"53219648-7498-2abe-a0cb-fccfab05d188\">\n<h3><span style=\"color: #000080;\"><strong>C\u00f3mo trabajamos.<\/strong><\/span><\/h3>\n<h4 style=\"text-align: justify;\">En <span style=\"color: #000080;\">CTN<\/span> tenemos un m\u00e9todo de trabajo que se ajusta perfectamente a las necesidades de nuestros clientes, sin importar ni su\u00a0tama\u00f1o ni la complejidad del asunto a tratar.<\/h4>\n<blockquote>\n<h4><strong>Siempre realizamos un estudio de viabilidad previo a un coste\u00a0<\/strong><strong>muy reducido.<\/strong><\/h4>\n<\/blockquote>\n<h4 style=\"text-align: justify;\"><\/h4>\n<h4 style=\"text-align: justify;\">En ocasiones, nuestra percepci\u00f3n como usuarios, afectados por una situaci\u00f3n o problema determinado, no siempre coincide con la opini\u00f3n cualificada de un t\u00e9cnico. Por eso creemos que es importante estudiar muy bien antes con qu\u00e9 contamos y qu\u00e9 queremos conseguir.<\/h4>\n<blockquote>\n<h4><em>Un consejo certero puede ahorrarnos disgustos y gastos innecesarios. Trabajamos sobre la base de la fiabilidad y la honestidad profesional, y con unas tarifas realmente competitivas.<\/em><\/h4>\n<\/blockquote>\n<p>&nbsp;<\/p>\n<\/div>\n<div class=\"csColumnGap\" style=\"margin: 0px; padding: 0px; float: left; width: 1.56%;\"><img decoding=\"async\" style=\"border: none;\" src=\"https:\/\/ctnpericial.es\/wp-content\/plugins\/advanced-wp-columns\/assets\/js\/plugins\/views\/img\/1x1-pixel.png\" alt=\"\" \/><\/div>\n<div class=\"csColumn\" style=\"margin: 0px; padding: 0px; float: left; width: 47.7%;\" data-csstartpoint=\"487.5\" data-csendpoint=\"945\" data-cswidth=\"47.7%\" data-csid=\"0545ebc8-69e4-082e-bf4f-4e2823550789\">\n<h3><span style=\"color: #000080;\"><strong>Nuestro m\u00e9todo.<\/strong><\/span><\/h3>\n<h4 style=\"text-align: justify;\">Cuando en <span style=\"color: #000080;\">CTN<\/span> se nos encarga una pericial, se recibe toda la documentaci\u00f3n y se le asigna a un t\u00e9cnico de la especialidad correspondiente, quien realiza un estudio detallado de la misma y contacta con el cliente para iniciar el proceso de recopilaci\u00f3n de la informaci\u00f3n complementaria que se precise. Incluye, cuando as\u00ed se requiere, la visita al lugar objeto de estudio.<\/h4>\n<blockquote>\n<h4>Llegados a este punto, se emite un informe preliminar que contiene un an\u00e1lisis de la viabilidad (o inviabilidad) motivando las causas, la estimaci\u00f3n de la valoraci\u00f3n y el importe de los honorarios profesionales.<\/h4>\n<\/blockquote>\n<h4 style=\"text-align: justify;\"><strong>Siempre sin sorpresas. Si finalmente el dictamen previo no se ajusta a la solicitud del cliente, \u00bfpara qu\u00e9 le vamos a complicar las cosas o hacerle gastar m\u00e1s dinero? Nuestro objetivo es que su encargo\u00a0se convierta en un nuevo\u00a0<span style=\"color: #0000ff;\"><a href=\"https:\/\/ctnpericial.es\/casos-de-exito\/\">caso de \u00e9xito.<\/a><\/span><\/strong><\/h4>\n<\/div>\n<\/div>\n<div class=\"csRow\">\n<div class=\"csColumnGap\" style=\"margin: 0px; padding: 0px; float: left; width: 1.56%;\"><img decoding=\"async\" style=\"border: none;\" src=\"https:\/\/ctnpericial.es\/wp-content\/plugins\/advanced-wp-columns\/assets\/js\/plugins\/views\/img\/1x1-pixel.png\" alt=\"\" \/><\/div>\n<div class=\"csColumn\" style=\"margin: 0px; padding: 0px; float: left; width: 47.7%;\" data-csstartpoint=\"15\" data-csendpoint=\"472.5\" data-cswidth=\"47.7%\" data-csid=\"0cffbb20-c5fd-6ccf-9484-d9cd4bd11706\">\u00a0<a href=\"https:\/\/ctnpericial.es\/casos-de-exito\/\"><img loading=\"lazy\" decoding=\"async\" class=\"alignnone wp-image-11 size-full\" src=\"https:\/\/ctnpericial.es\/wp-content\/uploads\/2014\/11\/oficinas04-g.jpg\" alt=\"oficinas04-g\" width=\"500\" height=\"333\" srcset=\"https:\/\/ctnpericial.es\/wp-content\/uploads\/2014\/11\/oficinas04-g.jpg 500w, https:\/\/ctnpericial.es\/wp-content\/uploads\/2014\/11\/oficinas04-g-300x199.jpg 300w\" sizes=\"auto, (max-width: 500px) 100vw, 500px\" \/><\/a><\/div>\n<div class=\"csColumnGap\" style=\"margin: 0px; padding: 0px; float: left; width: 1.56%;\"><img decoding=\"async\" style=\"border: none;\" src=\"https:\/\/ctnpericial.es\/wp-content\/plugins\/advanced-wp-columns\/assets\/js\/plugins\/views\/img\/1x1-pixel.png\" alt=\"\" \/><\/div>\n<div class=\"csColumn\" style=\"margin: 0px; padding: 0px; float: left; width: 47.7%;\" data-csstartpoint=\"487.5\" data-csendpoint=\"945\" data-cswidth=\"47.7%\" data-csid=\"d2eee8cd-d456-ccd5-b79b-5971bd42404f\">\u00a0<a href=\"https:\/\/ctnpericial.es\/casos-de-exito\/\"><img loading=\"lazy\" decoding=\"async\" class=\"alignnone wp-image-10 size-full\" src=\"https:\/\/ctnpericial.es\/wp-content\/uploads\/2014\/11\/oficinas03-g.jpg\" alt=\"oficinas03-g\" width=\"500\" height=\"333\" srcset=\"https:\/\/ctnpericial.es\/wp-content\/uploads\/2014\/11\/oficinas03-g.jpg 500w, https:\/\/ctnpericial.es\/wp-content\/uploads\/2014\/11\/oficinas03-g-300x199.jpg 300w\" sizes=\"auto, (max-width: 500px) 100vw, 500px\" \/><\/a><\/div>\n<div class=\"csColumnGap\" style=\"margin: 0px; padding: 0px; float: left; width: 1.56%;\"><img decoding=\"async\" style=\"border: none;\" src=\"https:\/\/ctnpericial.es\/wp-content\/plugins\/advanced-wp-columns\/assets\/js\/plugins\/views\/img\/1x1-pixel.png\" alt=\"\" \/><\/div>\n<div style=\"clear: both; float: none; display: block; visibility: hidden; width: 0px; font-size: 0px; line-height: 0;\"><\/div>\n<\/div>\n<p>&nbsp;<\/p>\n","protected":false},"excerpt":{"rendered":"<p>C\u00f3mo trabajamos. En CTN tenemos un m\u00e9todo de trabajo que se ajusta perfectamente a las necesidades de nuestros clientes, sin importar ni su\u00a0tama\u00f1o ni la complejidad del asunto a tratar. Siempre realizamos un estudio de viabilidad previo a un coste\u00a0muy reducido. En ocasiones, nuestra percepci\u00f3n como usuarios, afectados por una situaci\u00f3n o problema determinado, no [&hellip;]<\/p>\n","protected":false},"author":1,"featured_media":0,"parent":0,"menu_order":0,"comment_status":"closed","ping_status":"closed","template":"page-full_width.php","meta":{"_monsterinsights_skip_tracking":false,"_monsterinsights_sitenote_active":false,"_monsterinsights_sitenote_note":"","_monsterinsights_sitenote_category":0,"footnotes":""},"class_list":["post-30","page","type-page","status-publish","hentry"],"_links":{"self":[{"href":"https:\/\/ctnpericial.es\/index.php?rest_route=\/wp\/v2\/pages\/30","targetHints":{"allow":["GET"]}}],"collection":[{"href":"https:\/\/ctnpericial.es\/index.php?rest_route=\/wp\/v2\/pages"}],"about":[{"href":"https:\/\/ctnpericial.es\/index.php?rest_route=\/wp\/v2\/types\/page"}],"author":[{"embeddable":true,"href":"https:\/\/ctnpericial.es\/index.php?rest_route=\/wp\/v2\/users\/1"}],"replies":[{"embeddable":true,"href":"https:\/\/ctnpericial.es\/index.php?rest_route=%2Fwp%2Fv2%2Fcomments&post=30"}],"version-history":[{"count":18,"href":"https:\/\/ctnpericial.es\/index.php?rest_route=\/wp\/v2\/pages\/30\/revisions"}],"predecessor-version":[{"id":290,"href":"https:\/\/ctnpericial.es\/index.php?rest_route=\/wp\/v2\/pages\/30\/revisions\/290"}],"wp:attachment":[{"href":"https:\/\/ctnpericial.es\/index.php?rest_route=%2Fwp%2Fv2%2Fmedia&parent=30"}],"curies":[{"name":"wp","href":"https:\/\/api.w.org\/{rel}","templated":true}]}}