{"id":112,"date":"2015-10-14T15:28:47","date_gmt":"2015-10-14T15:28:47","guid":{"rendered":"http:\/\/ctnpericial.es\/?page_id=112"},"modified":"2016-12-15T20:13:10","modified_gmt":"2016-12-15T20:13:10","slug":"reclamaciones","status":"publish","type":"page","link":"https:\/\/ctnpericial.es\/?page_id=112","title":{"rendered":"Reclamaciones"},"content":{"rendered":"\n\t\t<style type=\"text\/css\">\n\t\t\t#gallery-1 {\n\t\t\t\tmargin: auto;\n\t\t\t}\n\t\t\t#gallery-1 .gallery-item {\n\t\t\t\tfloat: left;\n\t\t\t\tmargin-top: 10px;\n\t\t\t\ttext-align: center;\n\t\t\t\twidth: 33%;\n\t\t\t}\n\t\t\t#gallery-1 img {\n\t\t\t\tborder: 2px solid #cfcfcf;\n\t\t\t}\n\t\t\t#gallery-1 .gallery-caption {\n\t\t\t\tmargin-left: 0;\n\t\t\t}\n\t\t\t\/* see gallery_shortcode() in wp-includes\/media.php *\/\n\t\t<\/style>\n\t\t<div id='gallery-1' class='gallery galleryid-112 gallery-columns-3 gallery-size-medium'><dl class='gallery-item'>\n\t\t\t<dt class='gallery-icon landscape'>\n\t\t\t\t<img loading=\"lazy\" decoding=\"async\" width=\"300\" height=\"150\" src=\"https:\/\/ctnpericial.es\/wp-content\/uploads\/2014\/11\/autos1-300x150.png\" class=\"attachment-medium size-medium\" alt=\"\" srcset=\"https:\/\/ctnpericial.es\/wp-content\/uploads\/2014\/11\/autos1-300x150.png 300w, https:\/\/ctnpericial.es\/wp-content\/uploads\/2014\/11\/autos1.png 339w\" sizes=\"auto, (max-width: 300px) 100vw, 300px\" \/>\n\t\t\t<\/dt><\/dl><dl class='gallery-item'>\n\t\t\t<dt class='gallery-icon landscape'>\n\t\t\t\t<img loading=\"lazy\" decoding=\"async\" width=\"300\" height=\"150\" src=\"https:\/\/ctnpericial.es\/wp-content\/uploads\/2014\/11\/personal1-300x150.png\" class=\"attachment-medium size-medium\" alt=\"\" srcset=\"https:\/\/ctnpericial.es\/wp-content\/uploads\/2014\/11\/personal1-300x150.png 300w, https:\/\/ctnpericial.es\/wp-content\/uploads\/2014\/11\/personal1.png 339w\" sizes=\"auto, (max-width: 300px) 100vw, 300px\" \/>\n\t\t\t<\/dt><\/dl><dl class='gallery-item'>\n\t\t\t<dt class='gallery-icon landscape'>\n\t\t\t\t<img loading=\"lazy\" decoding=\"async\" width=\"300\" height=\"150\" src=\"https:\/\/ctnpericial.es\/wp-content\/uploads\/2015\/12\/judicial-300x150.png\" class=\"attachment-medium size-medium\" alt=\"\" srcset=\"https:\/\/ctnpericial.es\/wp-content\/uploads\/2015\/12\/judicial-300x150.png 300w, https:\/\/ctnpericial.es\/wp-content\/uploads\/2015\/12\/judicial.png 339w\" sizes=\"auto, (max-width: 300px) 100vw, 300px\" \/>\n\t\t\t<\/dt><\/dl><br style=\"clear: both\" \/>\n\t\t<\/div>\n\n<h4>En CTN estamos a tu lado, tanto si eres objeto de una reclamaci\u00f3n o si eres t\u00fa el que reclama. Tanto judicial como extrajudicialmente, ponemos los medios necesarios para resolver tus problemas. Comprueba que realmente somos efectivos. Nos avalan\u00a0un buen n\u00famero de\u00a0<span style=\"color: #000080;\"><span style=\"text-decoration: underline;\"><a href=\"https:\/\/ctnpericial.es\/casos-de-exito\/\">casos de \u00e9xito<\/a><\/span>.<\/span><\/h4>\n<blockquote>\n<h4><strong>En todos los \u00e1mbitos de nuestras especialidades: autom\u00f3viles, embarcaciones, maquinaria, hogares, empresas, todo tipo de accidentes y ante cualquier entidad u organismo.<\/strong><\/h4>\n<\/blockquote>\n<h4>Si tu aseguradora reh\u00fasa un siniestro, infravalora tus da\u00f1os y perjuicios, dice que tu veh\u00edculo es p\u00e9rdida total &#8230; en CTN gestionamos el procedimiento de la Ley 50\/1980 de Contrato de Seguro, que recoge los derechos de los asegurados y los mecanismos para garantizar la defensa de tus intereses . Incluso, si lo necesitas, te prestamos asesoramiento legal y gestionamos el nombramiento de perito y la reclamaci\u00f3n con nuestro equipo de expertos.<\/h4>\n<div id=\"attachment_120\" style=\"width: 1034px\" class=\"wp-caption alignnone\"><a href=\"https:\/\/ctnpericial.es\/contactar\/\"><img loading=\"lazy\" decoding=\"async\" aria-describedby=\"caption-attachment-120\" class=\"wp-image-120 size-full\" src=\"https:\/\/ctnpericial.es\/wp-content\/uploads\/2014\/11\/empresa_1.jpg\" alt=\"Quienes somos\" width=\"1024\" height=\"443\" srcset=\"https:\/\/ctnpericial.es\/wp-content\/uploads\/2014\/11\/empresa_1.jpg 1024w, https:\/\/ctnpericial.es\/wp-content\/uploads\/2014\/11\/empresa_1-300x130.jpg 300w, https:\/\/ctnpericial.es\/wp-content\/uploads\/2014\/11\/empresa_1-768x332.jpg 768w\" sizes=\"auto, (max-width: 1024px) 100vw, 1024px\" \/><\/a><p id=\"caption-attachment-120\" class=\"wp-caption-text\">Quienes somos<\/p><\/div>\n<h4>La gesti\u00f3n es totalmente personalizada, adaptada a tu caso real y poniendo a tu disposici\u00f3n un equipo multidisciplinar. Nuestra finalidad es aconsejarte y ayudarte a tomar las decisiones correctas. Pero eso si&#8230;<\/h4>\n<h4 style=\"text-align: center;\"><strong>\u2026 siempre aplicamos nuestro m\u00e9todo y nuestra filosof\u00eda de trabajo. <\/strong><br \/>\n<strong>An\u00e1lisis previo.<\/strong><\/h4>\n","protected":false},"excerpt":{"rendered":"<p>En CTN estamos a tu lado, tanto si eres objeto de una reclamaci\u00f3n o si eres t\u00fa el que reclama. Tanto judicial como extrajudicialmente, ponemos los medios necesarios para resolver tus problemas. Comprueba que realmente somos efectivos. Nos avalan\u00a0un buen n\u00famero de\u00a0casos de \u00e9xito. En todos los \u00e1mbitos de nuestras especialidades: autom\u00f3viles, embarcaciones, maquinaria, hogares, [&hellip;]<\/p>\n","protected":false},"author":1,"featured_media":0,"parent":0,"menu_order":0,"comment_status":"closed","ping_status":"open","template":"page-full_width.php","meta":{"_monsterinsights_skip_tracking":false,"_monsterinsights_sitenote_active":false,"_monsterinsights_sitenote_note":"","_monsterinsights_sitenote_category":0,"footnotes":""},"class_list":["post-112","page","type-page","status-publish","hentry"],"_links":{"self":[{"href":"https:\/\/ctnpericial.es\/index.php?rest_route=\/wp\/v2\/pages\/112","targetHints":{"allow":["GET"]}}],"collection":[{"href":"https:\/\/ctnpericial.es\/index.php?rest_route=\/wp\/v2\/pages"}],"about":[{"href":"https:\/\/ctnpericial.es\/index.php?rest_route=\/wp\/v2\/types\/page"}],"author":[{"embeddable":true,"href":"https:\/\/ctnpericial.es\/index.php?rest_route=\/wp\/v2\/users\/1"}],"replies":[{"embeddable":true,"href":"https:\/\/ctnpericial.es\/index.php?rest_route=%2Fwp%2Fv2%2Fcomments&post=112"}],"version-history":[{"count":11,"href":"https:\/\/ctnpericial.es\/index.php?rest_route=\/wp\/v2\/pages\/112\/revisions"}],"predecessor-version":[{"id":284,"href":"https:\/\/ctnpericial.es\/index.php?rest_route=\/wp\/v2\/pages\/112\/revisions\/284"}],"wp:attachment":[{"href":"https:\/\/ctnpericial.es\/index.php?rest_route=%2Fwp%2Fv2%2Fmedia&parent=112"}],"curies":[{"name":"wp","href":"https:\/\/api.w.org\/{rel}","templated":true}]}}