{"id":110,"date":"2015-10-14T15:28:26","date_gmt":"2015-10-14T15:28:26","guid":{"rendered":"http:\/\/ctnpericial.es\/?page_id=110"},"modified":"2016-12-15T20:13:10","modified_gmt":"2016-12-15T20:13:10","slug":"accidentes","status":"publish","type":"page","link":"https:\/\/ctnpericial.es\/?page_id=110","title":{"rendered":"Accidentes"},"content":{"rendered":"<div id=\"attachment_209\" style=\"width: 810px\" class=\"wp-caption aligncenter\"><a href=\"https:\/\/ctnpericial.es\/casos-de-exito\/\"><img loading=\"lazy\" decoding=\"async\" aria-describedby=\"caption-attachment-209\" class=\"wp-image-209 size-full\" src=\"https:\/\/ctnpericial.es\/wp-content\/uploads\/2015\/12\/reconstruccion_atropello.jpg\" alt=\"reconstruccion_atropello\" width=\"800\" height=\"177\" srcset=\"https:\/\/ctnpericial.es\/wp-content\/uploads\/2015\/12\/reconstruccion_atropello.jpg 800w, https:\/\/ctnpericial.es\/wp-content\/uploads\/2015\/12\/reconstruccion_atropello-300x66.jpg 300w, https:\/\/ctnpericial.es\/wp-content\/uploads\/2015\/12\/reconstruccion_atropello-768x170.jpg 768w\" sizes=\"auto, (max-width: 800px) 100vw, 800px\" \/><\/a><p id=\"caption-attachment-209\" class=\"wp-caption-text\">Reconstrucci\u00f3n de atropello (caso real) haga clic aqu\u00ed para consultar nuestros casos de \u00e9xito&#8230;<\/p><\/div>\n<h4>CTN es una empresa especializada en el estudio y reconstrucci\u00f3n de accidentes de tr\u00e1fico, contando con profesionales de dilatada experiencia y software especializado de \u00faltima generaci\u00f3n. Nuestro trabajo sigue una metodolog\u00eda espec\u00edfica: desde el estudio del atestado, hasta la inspecci\u00f3n ocular del lugar del siniestro o de los veh\u00edculos, an\u00e1lisis de disco tac\u00f3grafo; y un largo etc\u00e9tera, con el fin de determinar responsabilidades. Es en estos casos cuando el informe previo de viabilidad juega un importante papel. La complejidad t\u00e9cnica y las repercusiones tanto personales como econ\u00f3micas, hacen imprescindible tener una visi\u00f3n clara de los hechos. Lo que en principio puede parecer desfavorable (por ejemplo, un Atestado), mediante un estudio exhaustivo, puede variar de forma sorprendente.<\/h4>\n\n\t\t<style type=\"text\/css\">\n\t\t\t#gallery-1 {\n\t\t\t\tmargin: auto;\n\t\t\t}\n\t\t\t#gallery-1 .gallery-item {\n\t\t\t\tfloat: left;\n\t\t\t\tmargin-top: 10px;\n\t\t\t\ttext-align: center;\n\t\t\t\twidth: 25%;\n\t\t\t}\n\t\t\t#gallery-1 img {\n\t\t\t\tborder: 2px solid #cfcfcf;\n\t\t\t}\n\t\t\t#gallery-1 .gallery-caption {\n\t\t\t\tmargin-left: 0;\n\t\t\t}\n\t\t\t\/* see gallery_shortcode() in wp-includes\/media.php *\/\n\t\t<\/style>\n\t\t<div id='gallery-1' class='gallery galleryid-110 gallery-columns-4 gallery-size-thumbnail'><dl class='gallery-item'>\n\t\t\t<dt class='gallery-icon landscape'>\n\t\t\t\t<img loading=\"lazy\" decoding=\"async\" width=\"150\" height=\"150\" src=\"https:\/\/ctnpericial.es\/wp-content\/uploads\/2015\/12\/accidente01-150x150.jpg\" class=\"attachment-thumbnail size-thumbnail\" alt=\"\" \/>\n\t\t\t<\/dt><\/dl><dl class='gallery-item'>\n\t\t\t<dt class='gallery-icon landscape'>\n\t\t\t\t<img loading=\"lazy\" decoding=\"async\" width=\"150\" height=\"150\" src=\"https:\/\/ctnpericial.es\/wp-content\/uploads\/2015\/12\/accidente02-150x150.jpg\" class=\"attachment-thumbnail size-thumbnail\" alt=\"\" \/>\n\t\t\t<\/dt><\/dl><dl class='gallery-item'>\n\t\t\t<dt class='gallery-icon landscape'>\n\t\t\t\t<img loading=\"lazy\" decoding=\"async\" width=\"150\" height=\"150\" src=\"https:\/\/ctnpericial.es\/wp-content\/uploads\/2015\/12\/archivo_accidente01-150x150.jpg\" class=\"attachment-thumbnail size-thumbnail\" alt=\"\" \/>\n\t\t\t<\/dt><\/dl><dl class='gallery-item'>\n\t\t\t<dt class='gallery-icon landscape'>\n\t\t\t\t<img loading=\"lazy\" decoding=\"async\" width=\"150\" height=\"150\" src=\"https:\/\/ctnpericial.es\/wp-content\/uploads\/2015\/12\/archivo_accidente02-150x150.jpg\" class=\"attachment-thumbnail size-thumbnail\" alt=\"\" \/>\n\t\t\t<\/dt><\/dl><br style=\"clear: both\" \/>\n\t\t<\/div>\n\n<h6><a href=\"https:\/\/ctnpericial.es\/casos-de-exito\/\">Casos reales estudiados en nuestro gabinete.\u00a0Haga clic aqu\u00ed para consultar nuestros casos de \u00e9xito&#8230;<\/a><\/h6>\n<blockquote>\n<h4><strong>Todo tipo de accidentes: ca\u00eddas, laborales, lesionados de tr\u00e1fico, etc. requieren de especialistas que nos asesoren frente a posibles reclamaciones.<\/strong><\/h4>\n<\/blockquote>\n<h4 style=\"text-align: center;\"><strong>Y siempre aplicamos nuestro m\u00e9todo y nuestra filosof\u00eda de trabajo. <\/strong><br \/>\n<strong>An\u00e1lisis previo.<\/strong><\/h4>\n","protected":false},"excerpt":{"rendered":"<p>CTN es una empresa especializada en el estudio y reconstrucci\u00f3n de accidentes de tr\u00e1fico, contando con profesionales de dilatada experiencia y software especializado de \u00faltima generaci\u00f3n. Nuestro trabajo sigue una metodolog\u00eda espec\u00edfica: desde el estudio del atestado, hasta la inspecci\u00f3n ocular del lugar del siniestro o de los veh\u00edculos, an\u00e1lisis de disco tac\u00f3grafo; y un [&hellip;]<\/p>\n","protected":false},"author":1,"featured_media":0,"parent":0,"menu_order":0,"comment_status":"closed","ping_status":"open","template":"page-full_width.php","meta":{"_monsterinsights_skip_tracking":false,"_monsterinsights_sitenote_active":false,"_monsterinsights_sitenote_note":"","_monsterinsights_sitenote_category":0,"footnotes":""},"class_list":["post-110","page","type-page","status-publish","hentry"],"_links":{"self":[{"href":"https:\/\/ctnpericial.es\/index.php?rest_route=\/wp\/v2\/pages\/110","targetHints":{"allow":["GET"]}}],"collection":[{"href":"https:\/\/ctnpericial.es\/index.php?rest_route=\/wp\/v2\/pages"}],"about":[{"href":"https:\/\/ctnpericial.es\/index.php?rest_route=\/wp\/v2\/types\/page"}],"author":[{"embeddable":true,"href":"https:\/\/ctnpericial.es\/index.php?rest_route=\/wp\/v2\/users\/1"}],"replies":[{"embeddable":true,"href":"https:\/\/ctnpericial.es\/index.php?rest_route=%2Fwp%2Fv2%2Fcomments&post=110"}],"version-history":[{"count":10,"href":"https:\/\/ctnpericial.es\/index.php?rest_route=\/wp\/v2\/pages\/110\/revisions"}],"predecessor-version":[{"id":221,"href":"https:\/\/ctnpericial.es\/index.php?rest_route=\/wp\/v2\/pages\/110\/revisions\/221"}],"wp:attachment":[{"href":"https:\/\/ctnpericial.es\/index.php?rest_route=%2Fwp%2Fv2%2Fmedia&parent=110"}],"curies":[{"name":"wp","href":"https:\/\/api.w.org\/{rel}","templated":true}]}}